{"id":19,"date":"2021-07-02T14:49:13","date_gmt":"2021-07-02T12:49:13","guid":{"rendered":"https:\/\/excel-power.de\/wordpress\/?page_id=19"},"modified":"2021-07-07T10:54:18","modified_gmt":"2021-07-07T08:54:18","slug":"about","status":"publish","type":"page","link":"https:\/\/excel-power.de\/en\/about\/","title":{"rendered":"Contact &amp; Imprint"},"content":{"rendered":"<h1 class=\"wp-block-heading\">Imprint<\/h1>\n\n\n\n<p><strong>information according to \u00a7 5 TMG:<\/strong><\/p>\n\n\n\n<p>agindo GmbH<br>Konrad-Zuse-Platz 5<br>53227 Bonn<br>tel: +49 228 \/ 299 757 00<\/p>\n\n\n\n<p><strong>Represented by:<\/strong><\/p>\n\n\n\n<p>Armin Dippel, Bernd M\u00fcller<\/p>\n\n\n\n<p><strong>Company website:<\/strong><\/p>\n\n\n\n<p><a href=\"https:\/\/www.agindo.de Kontakt:\">https:\/\/www.agindo.de<\/a><\/p>\n\n\n\n<p><strong>Contact:<\/strong><\/p>\n\n\n\n<p>info@agindo.de<\/p>\n\n\n\n<p><strong>register entry:<\/strong><\/p>\n\n\n\n<p>Entry in the commercial register<br>Register court:<br>Register number: HRB 19181<br>Sales tax ID: Sales tax identification number according to \u00a727 a sales tax law: DE281960478<\/p>\n\n\n\n<p>Responsible for the content according to \u00a7 55 Abs. 2 RStV: Bernd M\u00fcller <\/p>\n\n\n\n<p><strong>sources for the used pictures and graphics:<\/strong> http:\/\/www.fotolia.de, https\/\/stock.adobe.com\/de\/<br>photographers: \u00a9 treenabeena, \u00a9 Timo Darco, \u00a9 pytagus, \u00a9 morganimation, \u00a9 Andrei, \u00a9 koya79, \u00a9 Artem Shcherbakov, \u00a9 Lom, \u00a9 Slawomir Goral, \u00a9 HarryGR20, \u00a9 MASP, \u00a9 XtravaganT , \u00a9 c, \u00a9 nali, \u00a9 sysiphus, \u00a9 illu24, \u00a9 Orlando Florin Rosu, \u00a9 Dmitry Sunagatov, \u00a9 Karen Roach, \u00a9 kentoh, \u00a9 Terry Morris, \u00a9 Kirill_M, \u00a9 creativedoxfoto; \u00a9 Vanessa, \u00a9 Julia Petukhova, \u00a9 Kheng Guan Toh, \u00a9 Travis Manley, \u00a9 TuTheLens, \u00a9 Gerhard Seybert, \u00a9 ronstik, \u00a9 ojtisi, \u00a9 dmitrimaruta, \u00a9 Sergey Ryzhov, \u00a9 industry view, \u00a9 waranyu, \u00a9 ty, \u00a9 Photographee. eu, \u00a9 hacohob, \u00a9 REDPIXEL, \u00a9 dima_sidelnikov, \u00a9 ghazi, \u00a9 WavebreakmediaMicro, \u00a9 zorandim75, \u00a9 Yuri Arcurs, \u00a9 Rido, \u00a9 Frank Boston, \u00a9 Frank Boston, \u00a9 freebird, \u00a9 iconshow, \u00a9 Matthias Enter, \u00a9 Andres Rodriguez, \u00a9 tpx, \u00a9 carlosseller, \u00a9 PureSolution, aylerein, \u00a9 everythingpossible, \u00a9 Andrey Popov, \u00a9 Sergey Nivens, \u00a9 kartoxjm, 123levit, \u00a9 Robert Kneschke, \u00a9Boggy, \u00a9 ananaline, \u00a9 kasto, \u00a9 Gajus, \u00a9 elnariz, \u00a9 mimagephotos, \u00a9 s_l, \u00a9 . shock, \u00a9 WavebreakmediaMicro, \u00a9 .shock<br><\/p>\n\n\n\n<p>SAP Deutschland SE &amp; Co. KG, Hasso-Plattner-Ring 7, 69190 Walldorf<\/p>\n\n\n\n<p><strong>Source:<\/strong><\/p>\n\n\n\n<p>Imprint generator, specialist lawyer for Internet law S\u00f6ren Siebert<\/p>\n\n\n\n<p><strong>\u00a71 Disclaimer:<\/strong><\/p>\n\n\n\n<p>Liability for contents: The contents of our pages have been created with the utmost care. However, we cannot assume any liability for the correctness, completeness and topicality of the contents. As a service provider, we are responsible for our own content on these pages according to \u00a7 7 para.1 TMG (German Telemedia Act) and general laws. According to \u00a7\u00a7 8 to 10 TMG we are not obliged to monitor transmitted or stored information from third parties or to investigate circumstances that indicate illegal activity. Obligations to remove or block the use of information according to general laws remain unaffected. However, liability in this respect is only possible from the time of knowledge of a concrete infringement. If we become aware of any such legal violations, we will remove the content immediately.<\/p>\n\n\n\n<p><strong>adhesion for links:<\/strong><\/p>\n\n\n\n<p>Our offer contains links to external websites of third parties, on whose contents we have no influence. Therefore, we cannot assume any liability for these external contents. The respective provider or operator of the sites is always responsible for the contents of the linked sites. The linked pages were checked for possible legal violations at the time of linking. Illegal contents were not identified at the time of linking. However, a permanent control of the contents of the linked pages is not reasonable without concrete evidence of a violation of the law. If we become aware of any infringements, we will remove such links immediately.<\/p>\n\n\n\n<p><strong>\u00a72 Copyright<\/strong><\/p>\n\n\n\n<p>Die durch die Seitenbetreiber erstellten Inhalte und Werke auf diesen Seiten unterliegen dem deutschen Urheberrecht. Die Vervielf\u00e4ltigung, Bearbeitung, Verbreitung und jede Art der Verwertung au\u00dferhalb der Grenzen des Urheberrechtes bed\u00fcrfen der schriftlichen Zustimmung des jeweiligen Autors bzw. Erstellers. Downloads und Kopien dieser Seite sind nur f\u00fcr den privaten, nicht kommerziellen Gebrauch gestattet. Soweit die Inhalte auf dieser Seite nicht vom Betreiber erstellt wurden, werden die Urheberrechte Dritter beachtet. Insbesondere werden Inhalte Dritter als solche gekennzeichnet. Sollten Sie trotzdem auf eine Urheberrechtsverletzung aufmerksam werden, bitten wir um einen entsprechenden Hinweis. Bei Bekanntwerden von Rechtsverletzungen werden wir derartige Inhalte umgehend entfernen.<\/p>\n\n\n\n<p><strong>\u00a73 Data protection<\/strong><\/p>\n\n\n\n<p>The use of our website is usually possible without providing personal data. As far as personal data (e.g. name, address or e-mail addresses) is collected on our website, this is always done on a voluntary basis, as far as possible. These data will not be passed on to third parties without your express consent. We would like to point out that data transmission over the Internet (e.g. communication by e-mail) can have security gaps. A complete protection of data against access by third parties is not possible.\nThe use of contact data published in the context of the imprint obligation by third parties for the transmission of not expressly requested advertisement and information materials is hereby expressly contradicted. The operators of the site expressly reserve the right to take legal action in the event of the unsolicited sending of advertising information, such as through spam mails.<br>The contents and works on these pages created by the site operators are subject to German copyright law. The duplication, editing, distribution and any kind of utilization outside the limits of copyright law require the written consent of the respective author or creator. Downloads and copies of these pages are only permitted for private, non-commercial use. Insofar as the content on this site was not created by the operator, the copyrights of third parties are observed. In particular, third-party content is identified as such. Should you nevertheless become aware of a copyright infringement, please inform us accordingly. On becoming aware of any infringements, we will remove such contents immediately.<\/p>\n\n\n\n<p><strong>\u00a74 Privacy policy<\/strong><\/p>\n\n\n\n<p><a rel=\"noreferrer noopener\" target=\"_blank\" href=\"https:\/\/agindo.de\/datenschutzerklaerung\">see privacy policy<\/a><\/p>\n\n\n\n<p><strong>\u00a75 References:<\/strong><\/p>\n\n\n\n<p>Disclaimer eRecht24, Google Analytics Conditions, eRecht24 Privacy Policy Google Adsense, Google +1 Privacy Policy<\/p>\n\n\n\n<p><strong>\u00a76 Used Logos:<\/strong><\/p>\n\n\n\n<p>All logos are registered trademarks of their respective owners and may not be marked separately.<\/p>","protected":false},"excerpt":{"rendered":"<p>Impressum Angaben gem\u00e4\u00df \u00a7 5 TMG: agindo GmbHKonrad-Zuse-Platz 553227 Bonntel: +49 228 \/ 299 757 00 Vertreten durch: Armin Dippel, Bernd M\u00fcller Unternehmenswebsite: https:\/\/www.agindo.de Kontakt: info@agindo.de Registereintrag: Eintragung im HandelsregisterRegistergericht: BonnRegisternummer: HRB 19181Umsatzsteuer-ID: Umsatzsteuer-Identifikationsnummer gem\u00e4\u00df \u00a727 a Umsatzsteuergesetz: DE281960478 Verantwortlich f\u00fcr den Inhalt nach \u00a7 55 Abs. 2 RStV: Bernd M\u00fcller Quellenangaben f\u00fcr die verwendeten&hellip;&nbsp;<a href=\"https:\/\/excel-power.de\/en\/about\/\" class=\"\" rel=\"bookmark\">Read More &raquo;<span class=\"screen-reader-text\">Contact &amp; Imprint<\/span><\/a><\/p>","protected":false},"author":1,"featured_media":0,"parent":0,"menu_order":0,"comment_status":"closed","ping_status":"closed","template":"","meta":{"neve_meta_sidebar":"","neve_meta_container":"","neve_meta_enable_content_width":"on","neve_meta_content_width":100,"neve_meta_title_alignment":"","neve_meta_author_avatar":"","neve_post_elements_order":"","neve_meta_disable_header":"","neve_meta_disable_footer":"","neve_meta_disable_title":"on","_themeisle_gutenberg_block_has_review":false,"footnotes":""},"class_list":["post-19","page","type-page","status-publish","hentry"],"yoast_head":"<!-- This site is optimized with the Yoast SEO plugin v27.4 - https:\/\/yoast.com\/product\/yoast-seo-wordpress\/ -->\n<title>Kontakt &amp; Impressum - Excel Power: Tools &amp; Addins<\/title>\n<meta name=\"robots\" content=\"index, follow, max-snippet:-1, max-image-preview:large, max-video-preview:-1\" \/>\n<link rel=\"canonical\" href=\"https:\/\/excel-power.de\/en\/about\/\" \/>\n<meta property=\"og:locale\" content=\"en_US\" \/>\n<meta property=\"og:type\" content=\"article\" \/>\n<meta property=\"og:title\" content=\"Kontakt &amp; Impressum - Excel Power: Tools &amp; Addins\" \/>\n<meta property=\"og:description\" content=\"Impressum Angaben gem\u00e4\u00df \u00a7 5 TMG: agindo GmbHKonrad-Zuse-Platz 553227 Bonntel: +49 228 \/ 299 757 00 Vertreten durch: Armin Dippel, Bernd M\u00fcller Unternehmenswebsite: https:\/\/www.agindo.de Kontakt: info@agindo.de Registereintrag: Eintragung im HandelsregisterRegistergericht: BonnRegisternummer: HRB 19181Umsatzsteuer-ID: Umsatzsteuer-Identifikationsnummer gem\u00e4\u00df \u00a727 a Umsatzsteuergesetz: DE281960478 Verantwortlich f\u00fcr den Inhalt nach \u00a7 55 Abs. 2 RStV: Bernd M\u00fcller Quellenangaben f\u00fcr die verwendeten&hellip;&nbsp;Read More &raquo;Kontakt &#038; Impressum\" \/>\n<meta property=\"og:url\" content=\"https:\/\/excel-power.de\/en\/about\/\" \/>\n<meta property=\"og:site_name\" content=\"Excel Power: Tools &amp; Addins\" \/>\n<meta property=\"article:publisher\" content=\"https:\/\/www.facebook.com\/agindogmbh\/\" \/>\n<meta property=\"article:modified_time\" content=\"2021-07-07T08:54:18+00:00\" \/>\n<meta name=\"twitter:card\" content=\"summary_large_image\" \/>\n<meta name=\"twitter:label1\" content=\"Est. reading time\" \/>\n\t<meta name=\"twitter:data1\" content=\"3 minutes\" \/>\n<script type=\"application\/ld+json\" class=\"yoast-schema-graph\">{\"@context\":\"https:\\\/\\\/schema.org\",\"@graph\":[{\"@type\":\"WebPage\",\"@id\":\"https:\\\/\\\/excel-power.de\\\/about\\\/\",\"url\":\"https:\\\/\\\/excel-power.de\\\/about\\\/\",\"name\":\"Kontakt & Impressum - Excel Power: Tools &amp; Addins\",\"isPartOf\":{\"@id\":\"https:\\\/\\\/excel-power.de\\\/en\\\/#website\"},\"datePublished\":\"2021-07-02T12:49:13+00:00\",\"dateModified\":\"2021-07-07T08:54:18+00:00\",\"breadcrumb\":{\"@id\":\"https:\\\/\\\/excel-power.de\\\/about\\\/#breadcrumb\"},\"inLanguage\":\"en-US\",\"potentialAction\":[{\"@type\":\"ReadAction\",\"target\":[\"https:\\\/\\\/excel-power.de\\\/about\\\/\"]}]},{\"@type\":\"BreadcrumbList\",\"@id\":\"https:\\\/\\\/excel-power.de\\\/about\\\/#breadcrumb\",\"itemListElement\":[{\"@type\":\"ListItem\",\"position\":1,\"name\":\"Startseite\",\"item\":\"https:\\\/\\\/excel-power.de\\\/en\\\/\"},{\"@type\":\"ListItem\",\"position\":2,\"name\":\"Kontakt &#038; Impressum\"}]},{\"@type\":\"WebSite\",\"@id\":\"https:\\\/\\\/excel-power.de\\\/en\\\/#website\",\"url\":\"https:\\\/\\\/excel-power.de\\\/en\\\/\",\"name\":\"Excel Power: Tools & Addins\",\"description\":\"Professionelle Excel Tools &amp; AddIns, sowie kundenindividuelle L\u00f6sungen | Excel-Power.de\",\"publisher\":{\"@id\":\"https:\\\/\\\/excel-power.de\\\/en\\\/#organization\"},\"potentialAction\":[{\"@type\":\"SearchAction\",\"target\":{\"@type\":\"EntryPoint\",\"urlTemplate\":\"https:\\\/\\\/excel-power.de\\\/en\\\/?s={search_term_string}\"},\"query-input\":{\"@type\":\"PropertyValueSpecification\",\"valueRequired\":true,\"valueName\":\"search_term_string\"}}],\"inLanguage\":\"en-US\"},{\"@type\":\"Organization\",\"@id\":\"https:\\\/\\\/excel-power.de\\\/en\\\/#organization\",\"name\":\"Excel Power\",\"url\":\"https:\\\/\\\/excel-power.de\\\/en\\\/\",\"logo\":{\"@type\":\"ImageObject\",\"inLanguage\":\"en-US\",\"@id\":\"https:\\\/\\\/excel-power.de\\\/en\\\/#\\\/schema\\\/logo\\\/image\\\/\",\"url\":\"https:\\\/\\\/excel-power.de\\\/wp-content\\\/uploads\\\/2021\\\/07\\\/excel_power_com.jpg\",\"contentUrl\":\"https:\\\/\\\/excel-power.de\\\/wp-content\\\/uploads\\\/2021\\\/07\\\/excel_power_com.jpg\",\"width\":1752,\"height\":273,\"caption\":\"Excel Power\"},\"image\":{\"@id\":\"https:\\\/\\\/excel-power.de\\\/en\\\/#\\\/schema\\\/logo\\\/image\\\/\"},\"sameAs\":[\"https:\\\/\\\/www.facebook.com\\\/agindogmbh\\\/\",\"https:\\\/\\\/www.youtube.com\\\/channel\\\/UCaYVrzS4ONthJpm9n3lctbQ\"]}]}<\/script>\n<!-- \/ Yoast SEO plugin. -->","yoast_head_json":{"title":"Kontakt & Impressum - Excel Power: Tools &amp; Addins","robots":{"index":"index","follow":"follow","max-snippet":"max-snippet:-1","max-image-preview":"max-image-preview:large","max-video-preview":"max-video-preview:-1"},"canonical":"https:\/\/excel-power.de\/en\/about\/","og_locale":"en_US","og_type":"article","og_title":"Kontakt & Impressum - Excel Power: Tools &amp; Addins","og_description":"Impressum Angaben gem\u00e4\u00df \u00a7 5 TMG: agindo GmbHKonrad-Zuse-Platz 553227 Bonntel: +49 228 \/ 299 757 00 Vertreten durch: Armin Dippel, Bernd M\u00fcller Unternehmenswebsite: https:\/\/www.agindo.de Kontakt: info@agindo.de Registereintrag: Eintragung im HandelsregisterRegistergericht: BonnRegisternummer: HRB 19181Umsatzsteuer-ID: Umsatzsteuer-Identifikationsnummer gem\u00e4\u00df \u00a727 a Umsatzsteuergesetz: DE281960478 Verantwortlich f\u00fcr den Inhalt nach \u00a7 55 Abs. 2 RStV: Bernd M\u00fcller Quellenangaben f\u00fcr die verwendeten&hellip;&nbsp;Read More &raquo;Kontakt &#038; Impressum","og_url":"https:\/\/excel-power.de\/en\/about\/","og_site_name":"Excel Power: Tools &amp; Addins","article_publisher":"https:\/\/www.facebook.com\/agindogmbh\/","article_modified_time":"2021-07-07T08:54:18+00:00","twitter_card":"summary_large_image","twitter_misc":{"Est. reading time":"3 minutes"},"schema":{"@context":"https:\/\/schema.org","@graph":[{"@type":"WebPage","@id":"https:\/\/excel-power.de\/about\/","url":"https:\/\/excel-power.de\/about\/","name":"Kontakt & Impressum - Excel Power: Tools &amp; Addins","isPartOf":{"@id":"https:\/\/excel-power.de\/en\/#website"},"datePublished":"2021-07-02T12:49:13+00:00","dateModified":"2021-07-07T08:54:18+00:00","breadcrumb":{"@id":"https:\/\/excel-power.de\/about\/#breadcrumb"},"inLanguage":"en-US","potentialAction":[{"@type":"ReadAction","target":["https:\/\/excel-power.de\/about\/"]}]},{"@type":"BreadcrumbList","@id":"https:\/\/excel-power.de\/about\/#breadcrumb","itemListElement":[{"@type":"ListItem","position":1,"name":"Startseite","item":"https:\/\/excel-power.de\/en\/"},{"@type":"ListItem","position":2,"name":"Kontakt &#038; Impressum"}]},{"@type":"WebSite","@id":"https:\/\/excel-power.de\/en\/#website","url":"https:\/\/excel-power.de\/en\/","name":"Excel Power: Tools &amp; Addins","description":"Professionelle Excel Tools &amp; AddIns, sowie kundenindividuelle L\u00f6sungen | Excel-Power.de","publisher":{"@id":"https:\/\/excel-power.de\/en\/#organization"},"potentialAction":[{"@type":"SearchAction","target":{"@type":"EntryPoint","urlTemplate":"https:\/\/excel-power.de\/en\/?s={search_term_string}"},"query-input":{"@type":"PropertyValueSpecification","valueRequired":true,"valueName":"search_term_string"}}],"inLanguage":"en-US"},{"@type":"Organization","@id":"https:\/\/excel-power.de\/en\/#organization","name":"Excel Power","url":"https:\/\/excel-power.de\/en\/","logo":{"@type":"ImageObject","inLanguage":"en-US","@id":"https:\/\/excel-power.de\/en\/#\/schema\/logo\/image\/","url":"https:\/\/excel-power.de\/wp-content\/uploads\/2021\/07\/excel_power_com.jpg","contentUrl":"https:\/\/excel-power.de\/wp-content\/uploads\/2021\/07\/excel_power_com.jpg","width":1752,"height":273,"caption":"Excel Power"},"image":{"@id":"https:\/\/excel-power.de\/en\/#\/schema\/logo\/image\/"},"sameAs":["https:\/\/www.facebook.com\/agindogmbh\/","https:\/\/www.youtube.com\/channel\/UCaYVrzS4ONthJpm9n3lctbQ"]}]}},"_links":{"self":[{"href":"https:\/\/excel-power.de\/en\/wp-json\/wp\/v2\/pages\/19","targetHints":{"allow":["GET"]}}],"collection":[{"href":"https:\/\/excel-power.de\/en\/wp-json\/wp\/v2\/pages"}],"about":[{"href":"https:\/\/excel-power.de\/en\/wp-json\/wp\/v2\/types\/page"}],"author":[{"embeddable":true,"href":"https:\/\/excel-power.de\/en\/wp-json\/wp\/v2\/users\/1"}],"replies":[{"embeddable":true,"href":"https:\/\/excel-power.de\/en\/wp-json\/wp\/v2\/comments?post=19"}],"version-history":[{"count":7,"href":"https:\/\/excel-power.de\/en\/wp-json\/wp\/v2\/pages\/19\/revisions"}],"predecessor-version":[{"id":462,"href":"https:\/\/excel-power.de\/en\/wp-json\/wp\/v2\/pages\/19\/revisions\/462"}],"wp:attachment":[{"href":"https:\/\/excel-power.de\/en\/wp-json\/wp\/v2\/media?parent=19"}],"curies":[{"name":"wp","href":"https:\/\/api.w.org\/{rel}","templated":true}]}}